{"id":7,"date":"2024-10-11T21:49:11","date_gmt":"2024-10-11T19:49:11","guid":{"rendered":"http:\/\/138.2.183.18\/?page_id=7"},"modified":"2024-12-25T19:57:03","modified_gmt":"2024-12-25T18:57:03","slug":"strona-glowna","status":"publish","type":"page","link":"https:\/\/mototramp.noip.pl\/","title":{"rendered":"MotoTramp"},"content":{"rendered":"\n<p>Nie wiem jak uda\u0142o Ci si\u0119 tutaj trafi\u0107 \ud83d\ude09 ale jak ju\u017c jeste\u015b zapraszam do obejrzenia zdj\u0119\u0107 z kilku wypraw motocyklowych z ostatnich lat. <\/p>\n\n\n\n<p>Mo\u017cesz te\u017c znale\u017a\u0107 kilka informacji o osio\u0142ku kt\u00f3rym je\u017cdz\u0119 BMW R1200GS z 2009 roku, czyli tak zwany olejak.<\/p>\n\n\n\n<p>B\u0119d\u0105 si\u0119 r\u00f3wnie\u017c pojawia\u0107 wpisy dotycz\u0105ce sprz\u0119tu i elektroniki, postaram si\u0119 opisa\u0107 z czego korzystam, co si\u0119 sprawdza a co nie.<\/p>\n","protected":false},"excerpt":{"rendered":"<p>Nie wiem jak uda\u0142o Ci si\u0119 tutaj trafi\u0107 \ud83d\ude09 ale jak ju\u017c jeste\u015b zapraszam do obejrzenia zdj\u0119\u0107 z kilku wypraw motocyklowych z ostatnich lat. Mo\u017cesz te\u017c znale\u017a\u0107 kilka informacji o osio\u0142ku kt\u00f3rym je\u017cdz\u0119 BMW R1200GS z 2009 roku, czyli tak zwany olejak. B\u0119d\u0105 si\u0119 r\u00f3wnie\u017c pojawia\u0107 wpisy dotycz\u0105ce sprz\u0119tu i elektroniki, postaram si\u0119 opisa\u0107 z &hellip; <\/p>\n<p class=\"link-more\"><a href=\"https:\/\/mototramp.noip.pl\/\" class=\"more-link\">Read more<span class=\"screen-reader-text\"> &#8220;MotoTramp&#8221;<\/span><\/a><\/p>\n","protected":false},"author":1,"featured_media":0,"parent":0,"menu_order":0,"comment_status":"closed","ping_status":"closed","template":"","meta":{"ngg_post_thumbnail":0,"pgc_sgb_lightbox_settings":"","footnotes":""},"class_list":["post-7","page","type-page","status-publish","hentry"],"yoast_head":"<!-- This site is optimized with the Yoast SEO plugin v26.7 - https:\/\/yoast.com\/wordpress\/plugins\/seo\/ -->\n<title>MotoTramp - Troch\u0119 o podr\u00f3\u017cach<\/title>\n<meta name=\"robots\" content=\"index, follow, max-snippet:-1, max-image-preview:large, max-video-preview:-1\" \/>\n<link rel=\"canonical\" href=\"https:\/\/mototramp.noip.pl\/\" \/>\n<meta property=\"og:locale\" content=\"en_US\" \/>\n<meta property=\"og:type\" content=\"article\" \/>\n<meta property=\"og:title\" content=\"MotoTramp - Troch\u0119 o podr\u00f3\u017cach\" \/>\n<meta property=\"og:description\" content=\"Nie wiem jak uda\u0142o Ci si\u0119 tutaj trafi\u0107 \ud83d\ude09 ale jak ju\u017c jeste\u015b zapraszam do obejrzenia zdj\u0119\u0107 z kilku wypraw motocyklowych z ostatnich lat. Mo\u017cesz te\u017c znale\u017a\u0107 kilka informacji o osio\u0142ku kt\u00f3rym je\u017cdz\u0119 BMW R1200GS z 2009 roku, czyli tak zwany olejak. B\u0119d\u0105 si\u0119 r\u00f3wnie\u017c pojawia\u0107 wpisy dotycz\u0105ce sprz\u0119tu i elektroniki, postaram si\u0119 opisa\u0107 z &hellip; Read more &quot;MotoTramp&quot;\" \/>\n<meta property=\"og:url\" content=\"https:\/\/mototramp.noip.pl\/\" \/>\n<meta property=\"og:site_name\" content=\"Troch\u0119 o podr\u00f3\u017cach\" \/>\n<meta property=\"article:publisher\" content=\"https:\/\/www.facebook.com\/marcin.kochanski.121\/\" \/>\n<meta property=\"article:modified_time\" content=\"2024-12-25T18:57:03+00:00\" \/>\n<meta name=\"twitter:card\" content=\"summary_large_image\" \/>\n<script type=\"application\/ld+json\" class=\"yoast-schema-graph\">{\"@context\":\"https:\/\/schema.org\",\"@graph\":[{\"@type\":\"WebPage\",\"@id\":\"https:\/\/mototramp.noip.pl\/\",\"url\":\"https:\/\/mototramp.noip.pl\/\",\"name\":\"MotoTramp - Troch\u0119 o podr\u00f3\u017cach\",\"isPartOf\":{\"@id\":\"https:\/\/mototramp.noip.pl\/#website\"},\"datePublished\":\"2024-10-11T19:49:11+00:00\",\"dateModified\":\"2024-12-25T18:57:03+00:00\",\"breadcrumb\":{\"@id\":\"https:\/\/mototramp.noip.pl\/#breadcrumb\"},\"inLanguage\":\"en-US\",\"potentialAction\":[{\"@type\":\"ReadAction\",\"target\":[\"https:\/\/mototramp.noip.pl\/\"]}]},{\"@type\":\"BreadcrumbList\",\"@id\":\"https:\/\/mototramp.noip.pl\/#breadcrumb\",\"itemListElement\":[{\"@type\":\"ListItem\",\"position\":1,\"name\":\"Home\",\"item\":\"https:\/\/mototramp.noip.pl\/\"},{\"@type\":\"ListItem\",\"position\":2,\"name\":\"MotoTramp\"}]},{\"@type\":\"WebSite\",\"@id\":\"https:\/\/mototramp.noip.pl\/#website\",\"url\":\"https:\/\/mototramp.noip.pl\/\",\"name\":\"Troch\u0119 o podr\u00f3\u017cach\",\"description\":\"\",\"publisher\":{\"@id\":\"https:\/\/mototramp.noip.pl\/#\/schema\/person\/d7c7976b175d930fbe66fc95fe7cbc0d\"},\"potentialAction\":[{\"@type\":\"SearchAction\",\"target\":{\"@type\":\"EntryPoint\",\"urlTemplate\":\"https:\/\/mototramp.noip.pl\/?s={search_term_string}\"},\"query-input\":{\"@type\":\"PropertyValueSpecification\",\"valueRequired\":true,\"valueName\":\"search_term_string\"}}],\"inLanguage\":\"en-US\"},{\"@type\":[\"Person\",\"Organization\"],\"@id\":\"https:\/\/mototramp.noip.pl\/#\/schema\/person\/d7c7976b175d930fbe66fc95fe7cbc0d\",\"name\":\"marcin\",\"image\":{\"@type\":\"ImageObject\",\"inLanguage\":\"en-US\",\"@id\":\"https:\/\/mototramp.noip.pl\/#\/schema\/person\/image\/\",\"url\":\"https:\/\/mototramp.noip.pl\/wp-content\/uploads\/2024\/12\/IMG_0157-scaled.jpg\",\"contentUrl\":\"https:\/\/mototramp.noip.pl\/wp-content\/uploads\/2024\/12\/IMG_0157-scaled.jpg\",\"width\":2560,\"height\":1920,\"caption\":\"marcin\"},\"logo\":{\"@id\":\"https:\/\/mototramp.noip.pl\/#\/schema\/person\/image\/\"},\"sameAs\":[\"https:\/\/mototramp.noip.pl\",\"https:\/\/www.facebook.com\/marcin.kochanski.121\/\",\"https:\/\/www.instagram.com\/hanneman374\/\",\"https:\/\/www.linkedin.com\/in\/marcin-kochaski-04448125\/\"]}]}<\/script>\n<!-- \/ Yoast SEO plugin. -->","yoast_head_json":{"title":"MotoTramp - Troch\u0119 o podr\u00f3\u017cach","robots":{"index":"index","follow":"follow","max-snippet":"max-snippet:-1","max-image-preview":"max-image-preview:large","max-video-preview":"max-video-preview:-1"},"canonical":"https:\/\/mototramp.noip.pl\/","og_locale":"en_US","og_type":"article","og_title":"MotoTramp - Troch\u0119 o podr\u00f3\u017cach","og_description":"Nie wiem jak uda\u0142o Ci si\u0119 tutaj trafi\u0107 \ud83d\ude09 ale jak ju\u017c jeste\u015b zapraszam do obejrzenia zdj\u0119\u0107 z kilku wypraw motocyklowych z ostatnich lat. Mo\u017cesz te\u017c znale\u017a\u0107 kilka informacji o osio\u0142ku kt\u00f3rym je\u017cdz\u0119 BMW R1200GS z 2009 roku, czyli tak zwany olejak. B\u0119d\u0105 si\u0119 r\u00f3wnie\u017c pojawia\u0107 wpisy dotycz\u0105ce sprz\u0119tu i elektroniki, postaram si\u0119 opisa\u0107 z &hellip; Read more \"MotoTramp\"","og_url":"https:\/\/mototramp.noip.pl\/","og_site_name":"Troch\u0119 o podr\u00f3\u017cach","article_publisher":"https:\/\/www.facebook.com\/marcin.kochanski.121\/","article_modified_time":"2024-12-25T18:57:03+00:00","twitter_card":"summary_large_image","schema":{"@context":"https:\/\/schema.org","@graph":[{"@type":"WebPage","@id":"https:\/\/mototramp.noip.pl\/","url":"https:\/\/mototramp.noip.pl\/","name":"MotoTramp - Troch\u0119 o podr\u00f3\u017cach","isPartOf":{"@id":"https:\/\/mototramp.noip.pl\/#website"},"datePublished":"2024-10-11T19:49:11+00:00","dateModified":"2024-12-25T18:57:03+00:00","breadcrumb":{"@id":"https:\/\/mototramp.noip.pl\/#breadcrumb"},"inLanguage":"en-US","potentialAction":[{"@type":"ReadAction","target":["https:\/\/mototramp.noip.pl\/"]}]},{"@type":"BreadcrumbList","@id":"https:\/\/mototramp.noip.pl\/#breadcrumb","itemListElement":[{"@type":"ListItem","position":1,"name":"Home","item":"https:\/\/mototramp.noip.pl\/"},{"@type":"ListItem","position":2,"name":"MotoTramp"}]},{"@type":"WebSite","@id":"https:\/\/mototramp.noip.pl\/#website","url":"https:\/\/mototramp.noip.pl\/","name":"Troch\u0119 o podr\u00f3\u017cach","description":"","publisher":{"@id":"https:\/\/mototramp.noip.pl\/#\/schema\/person\/d7c7976b175d930fbe66fc95fe7cbc0d"},"potentialAction":[{"@type":"SearchAction","target":{"@type":"EntryPoint","urlTemplate":"https:\/\/mototramp.noip.pl\/?s={search_term_string}"},"query-input":{"@type":"PropertyValueSpecification","valueRequired":true,"valueName":"search_term_string"}}],"inLanguage":"en-US"},{"@type":["Person","Organization"],"@id":"https:\/\/mototramp.noip.pl\/#\/schema\/person\/d7c7976b175d930fbe66fc95fe7cbc0d","name":"marcin","image":{"@type":"ImageObject","inLanguage":"en-US","@id":"https:\/\/mototramp.noip.pl\/#\/schema\/person\/image\/","url":"https:\/\/mototramp.noip.pl\/wp-content\/uploads\/2024\/12\/IMG_0157-scaled.jpg","contentUrl":"https:\/\/mototramp.noip.pl\/wp-content\/uploads\/2024\/12\/IMG_0157-scaled.jpg","width":2560,"height":1920,"caption":"marcin"},"logo":{"@id":"https:\/\/mototramp.noip.pl\/#\/schema\/person\/image\/"},"sameAs":["https:\/\/mototramp.noip.pl","https:\/\/www.facebook.com\/marcin.kochanski.121\/","https:\/\/www.instagram.com\/hanneman374\/","https:\/\/www.linkedin.com\/in\/marcin-kochaski-04448125\/"]}]}},"_links":{"self":[{"href":"https:\/\/mototramp.noip.pl\/index.php\/wp-json\/wp\/v2\/pages\/7","targetHints":{"allow":["GET"]}}],"collection":[{"href":"https:\/\/mototramp.noip.pl\/index.php\/wp-json\/wp\/v2\/pages"}],"about":[{"href":"https:\/\/mototramp.noip.pl\/index.php\/wp-json\/wp\/v2\/types\/page"}],"author":[{"embeddable":true,"href":"https:\/\/mototramp.noip.pl\/index.php\/wp-json\/wp\/v2\/users\/1"}],"replies":[{"embeddable":true,"href":"https:\/\/mototramp.noip.pl\/index.php\/wp-json\/wp\/v2\/comments?post=7"}],"version-history":[{"count":7,"href":"https:\/\/mototramp.noip.pl\/index.php\/wp-json\/wp\/v2\/pages\/7\/revisions"}],"predecessor-version":[{"id":317,"href":"https:\/\/mototramp.noip.pl\/index.php\/wp-json\/wp\/v2\/pages\/7\/revisions\/317"}],"wp:attachment":[{"href":"https:\/\/mototramp.noip.pl\/index.php\/wp-json\/wp\/v2\/media?parent=7"}],"curies":[{"name":"wp","href":"https:\/\/api.w.org\/{rel}","templated":true}]}}